{"id":23,"date":"2024-03-10T20:24:02","date_gmt":"2024-03-10T20:24:02","guid":{"rendered":"https:\/\/dokunulmaz.com.tr\/?page_id=23"},"modified":"2024-07-10T14:46:36","modified_gmt":"2024-07-10T14:46:36","slug":"onsoz","status":"publish","type":"page","link":"https:\/\/dokunulmaz.com.tr\/?page_id=23","title":{"rendered":"\u00d6ns\u00f6z"},"content":{"rendered":"\t\t<div data-elementor-type=\"wp-page\" data-elementor-id=\"23\" class=\"elementor elementor-23\" data-elementor-post-type=\"page\">\n\t\t\t\t<div class=\"elementor-element elementor-element-458a690 e-con-full dynamic-white-bg e-flex e-con e-child\" data-id=\"458a690\" data-element_type=\"container\" data-e-type=\"container\" data-settings=\"{&quot;background_background&quot;:&quot;classic&quot;}\">\n\t\t\t\t<div class=\"elementor-element elementor-element-b3f59a1 elementor-widget__width-inherit elementor-widget elementor-widget-image\" data-id=\"b3f59a1\" data-element_type=\"widget\" data-e-type=\"widget\" data-widget_type=\"image.default\">\n\t\t\t\t<div class=\"elementor-widget-container\">\n\t\t\t\t\t\t\t\t\t\t\t\t\t\t\t<img decoding=\"async\" width=\"211\" height=\"87\" src=\"https:\/\/dokunulmaz.com.tr\/wp-content\/uploads\/2024\/03\/Group-40.svg\" class=\"attachment-full size-full wp-image-44\" alt=\"\" \/>\t\t\t\t\t\t\t\t\t\t\t\t\t\t\t<\/div>\n\t\t\t\t<\/div>\n\t\t\t\t<div class=\"elementor-element elementor-element-6fab0f9 elementor-widget elementor-widget-image\" data-id=\"6fab0f9\" data-element_type=\"widget\" data-e-type=\"widget\" data-widget_type=\"image.default\">\n\t\t\t\t<div class=\"elementor-widget-container\">\n\t\t\t\t\t\t\t\t\t\t\t\t\t\t\t<img fetchpriority=\"high\" decoding=\"async\" width=\"1469\" height=\"1920\" src=\"https:\/\/dokunulmaz.com.tr\/wp-content\/uploads\/2024\/07\/Alp-Sevimlisoy.jpg\" class=\"attachment-full size-full wp-image-945\" alt=\"\" srcset=\"https:\/\/dokunulmaz.com.tr\/wp-content\/uploads\/2024\/07\/Alp-Sevimlisoy.jpg 1469w, https:\/\/dokunulmaz.com.tr\/wp-content\/uploads\/2024\/07\/Alp-Sevimlisoy-230x300.jpg 230w, https:\/\/dokunulmaz.com.tr\/wp-content\/uploads\/2024\/07\/Alp-Sevimlisoy-783x1024.jpg 783w, https:\/\/dokunulmaz.com.tr\/wp-content\/uploads\/2024\/07\/Alp-Sevimlisoy-768x1004.jpg 768w, https:\/\/dokunulmaz.com.tr\/wp-content\/uploads\/2024\/07\/Alp-Sevimlisoy-1175x1536.jpg 1175w\" sizes=\"(max-width: 1469px) 100vw, 1469px\" \/>\t\t\t\t\t\t\t\t\t\t\t\t\t\t\t<\/div>\n\t\t\t\t<\/div>\n\t\t\t\t<div class=\"elementor-element elementor-element-b6b3d2e elementor-widget elementor-widget-text-editor\" data-id=\"b6b3d2e\" data-element_type=\"widget\" data-e-type=\"widget\" data-widget_type=\"text-editor.default\">\n\t\t\t\t<div class=\"elementor-widget-container\">\n\t\t\t\t\t\t\t\t\t<p>\u201cBir \u00f6m\u00fcr diye s\u00f6z etti\u011fimiz hayat asl\u0131nda birden fazla \u2018dilimler\u2019 i\u00e7erisinde ya\u015fad\u0131\u011f\u0131m\u0131z fragmanlardan olu\u015fan ki\u015fisel yolculu\u011fumuz, sonsuz de\u011fer verdi\u011fim ebeveynlerimin deyimiyle, \u00f6zellikle babam\u0131n anlat\u0131m\u0131yla \u201cmaratonlar ve aras\u0131na yerle\u015ftirilen reklamlardan olu\u015fur hayat\u201d. T\u00fcm k\u00fcresel faaliyetlerim a\u00e7\u0131s\u0131ndan, ister yurtd\u0131\u015f\u0131nda olsun, ister anavatan\u0131mda, hep T\u00fcrkiye Cumhuriyeti akl\u0131mda, kalbimde, dilimde ve icraatlar\u0131mda oldu. Dokunulmaz&#8217;\u0131 kurarken tek bir c\u00fcmleyi daima say\u0131klamaktayd\u0131m; \u201cistedi\u011fim T\u00fcrkiye ancak kat\u0131l\u0131m\u0131mla m\u00fcmk\u00fcn, konu\u015fmakla de\u011fil, fiilen istediklerinizi ya\u015fatarak &amp; ya\u015fayarak her g\u00fcn, ger\u00e7ekli\u011finizle var olmakla sadece m\u00fcmk\u00fcn\u201d.<\/p>\t\t\t\t\t\t\t\t<\/div>\n\t\t\t\t<\/div>\n\t\t\t\t<div class=\"elementor-element elementor-element-367160d elementor-widget elementor-widget-text-editor\" data-id=\"367160d\" data-element_type=\"widget\" data-e-type=\"widget\" data-widget_type=\"text-editor.default\">\n\t\t\t\t<div class=\"elementor-widget-container\">\n\t\t\t\t\t\t\t\t\t<p>Merkezi \u0130stanbul&#8217;da bulunan Alp Sevimlisoy Yat\u0131r\u0131m A.\u015e.&#8217;nin CEO&#8217;su olan Alp Sevimlisoy, ayn\u0131 zamanda \u201cNATO\u2019nun Akdeniz, Karadeniz ve Orta Do\u011fu&#8217;daki Rol\u00fc&#8221;, \u201cK\u0131talararas\u0131 \u0130ttifaklar &amp; B\u00f6lgesel Paktlar\u201d ve \u201cKonvansiyonel &amp; Konvansiyonel Olmayan Savunma Doktrinleri\u201dkonular\u0131nda uluslararas\u0131 yay\u0131nlara sahip bir jeopolitik stratejist, savunma doktrin ekspertiz sahibi ve ulusal g\u00fcvenlik uzman\u0131d\u0131r. Ayr\u0131ca Menkul K\u0131ymetler sekt\u00f6r\u00fcnde olan y\u00f6netimsel ge\u00e7mi\u015fine ili\u015fkin \u00fclkeler aras\u0131 ticari korumac\u0131l\u0131k i\u00e7erikli d\u00f6nemler \u00fczerine uzmanl\u0131k ger\u00e7ekle\u015ftirmi\u015ftir. Alp Sevimlisoy daha \u00f6nce Bayes Business School\u2019da (eski ad\u0131yla Cass Business School) y\u00f6netim kurulu \u00fcyesiydi. Alp Sevimlisoy Washington D.C. merkezli Atlantik Konsey\u2019de Milenyum daimi \u00fcyesi olarak g\u00f6rev almaktad\u0131r.<br \/><br \/>Merkezi Washington D.C.\u2019de bulunan Atlantik Konseyinde Milenyum daimi \u00fcyesi olarak g\u00f6rev alan Alp Sevimlisoy\u2019un kendisiyle d\u00fczenli yap\u0131lan r\u00f6portajlar\u0131 ve yay\u0131nlar\u0131 ba\u015fta Amerika Birle\u015fik Devletleri olarak, Birle\u015fik Krall\u0131k, Avrupa, Ortado\u011fu ve Do\u011fu Asya da pek \u00e7ok uluslararas\u0131 y\u00fcksek tirajl\u0131 gazete, k\u00fcresel medya kurulu\u015f ve tan\u0131nan dergide s\u0131k\u00e7a yay\u0131nlanmaktad\u0131r. Bu platfromlar\u0131n baz\u0131lar\u0131, \u015f\u00f6yle s\u0131ralanmaktad\u0131r:<br \/><br \/>Newsweek, Politico, The Daily Express, The Daily Mail, The National Journal, MSN News, Yahoo News, Benzinga, News24, Foundation for Defense of Democracies (FDD), Centre for the National Interest (CFTNI), The San Francisco Experience.<br \/><br \/>Uluslararas\u0131 medyada s\u0131kl\u0131kla yer alan Alp Sevimlisoy\u2019un k\u00f6\u015fe yaz\u0131lar\u0131 ba\u015fta Amerika Birle\u015fik Devletleri olarak, Birle\u015fik Krall\u0131k, Avrupa ve Do\u011fu Asya da pek \u00e7ok global \u00f6neme sahip gazete, ana ak\u0131m medya kurulu\u015f ve geleneksel dergide d\u00fczenli olarak yay\u0131nlanmaktad\u0131r. Bu platfromlar\u0131n baz\u0131lar\u0131, \u015f\u00f6yle s\u0131ralanmaktad\u0131r:<br \/><br \/>The Hill, The National Interest, Israel Hayom, Real Clear Defense, Real Clear World, The South China Morning Post, The Epoch Times, Geopolitical Monitor, Global Security Review, The Eurasia Review.<br \/>T\u00fcm bunlar\u0131n yan\u0131 s\u0131ra \u00fcnl\u00fc jeopolitik stratejist ve ulusal g\u00fcvenlik uzman\u0131n\u0131n; \u201cNATO i\u00e7inde birle\u015fik bir Akdeniz komuta yap\u0131s\u0131n\u0131n rol\u00fc\u201d \u00fczerine de kapsaml\u0131 yay\u0131nlar\u0131 vard\u0131r. Kurumsal deneyimi T\u00fcrkiye Cumhuriyeti\u2019nin yan\u0131 s\u0131ra Akdeniz, Orta Do\u011fu ve Afrika \u00fclkelerini de kapsayan Alp Sevimlisoy; \u00f6zellikle Akdeniz, Karadeniz, Orta Do\u011fu ve Sahra Alt\u0131 Afrika konular\u0131nda Savunma Doktrini, Uluslararas\u0131 Ticaret, ve Ulusal G\u00fcvenlik uzman\u0131d\u0131r. Alp Sevimlisoy Bloomberg Zirvesi gibi k\u00fcresel etkinliklerde de konu\u015fmac\u0131 ve panelist olarak yer almaktad\u0131r. Akdeniz, Karadeniz ve Orta Do\u011fu b\u00f6lgelerine ili\u015fkin; ulusal g\u00fcvenlik, savunma doktrin ve k\u00fcresel korumac\u0131l\u0131k \u00e7a\u011f\u0131nda ticaret ile ilgili konularda kurumlara ve g\u00fcvenlik mensuplar\u0131na dan\u0131\u015fmanl\u0131k hizmeti vermi\u015ftir. Alp Sevimlisoy, \u00f6zellikle Akdeniz Birli\u011fi ve NATO&#8217;nun g\u00fc\u00e7lendirilmesine ili\u015fkin \u0130ttifak \u00e7ap\u0131nda ortak ulusal g\u00fcvenlik yap\u0131lar\u0131na odaklanmas\u0131 ve Atlantik\u00e7ilik ideallerini savunmas\u0131yla tan\u0131nmaktad\u0131r.<\/p>\t\t\t\t\t\t\t\t<\/div>\n\t\t\t\t<\/div>\n\t\t\t\t<\/div>\n\t\t\t\t<\/div>\n\t\t","protected":false},"excerpt":{"rendered":"<p>\u201cBir \u00f6m\u00fcr diye s\u00f6z etti\u011fimiz hayat asl\u0131nda birden fazla \u2018dilimler\u2019 i\u00e7erisinde ya\u015fad\u0131\u011f\u0131m\u0131z fragmanlardan olu\u015fan ki\u015fisel yolculu\u011fumuz, sonsuz de\u011fer verdi\u011fim ebeveynlerimin deyimiyle, \u00f6zellikle babam\u0131n anlat\u0131m\u0131yla \u201cmaratonlar ve aras\u0131na yerle\u015ftirilen reklamlardan olu\u015fur hayat\u201d. T\u00fcm k\u00fcresel faaliyetlerim a\u00e7\u0131s\u0131ndan, ister yurtd\u0131\u015f\u0131nda olsun, ister anavatan\u0131mda, hep T\u00fcrkiye Cumhuriyeti akl\u0131mda, kalbimde, dilimde ve icraatlar\u0131mda oldu. Dokunulmaz&#8217;\u0131 kurarken tek bir c\u00fcmleyi daima [&hellip;]<\/p>\n","protected":false},"author":3,"featured_media":0,"parent":0,"menu_order":0,"comment_status":"closed","ping_status":"closed","template":"","meta":{"_acf_changed":false,"footnotes":""},"class_list":["post-23","page","type-page","status-publish","hentry"],"acf":[],"yoast_head":"<!-- This site is optimized with the Yoast SEO plugin v27.4 - https:\/\/yoast.com\/product\/yoast-seo-wordpress\/ -->\n<title>\u00d6ns\u00f6z - Dokunulmaz<\/title>\n<meta name=\"robots\" content=\"noindex, follow, max-snippet:-1, max-image-preview:large, max-video-preview:-1\" \/>\n<meta property=\"og:locale\" content=\"tr_TR\" \/>\n<meta property=\"og:type\" content=\"article\" \/>\n<meta property=\"og:title\" content=\"\u00d6ns\u00f6z - Dokunulmaz\" \/>\n<meta property=\"og:description\" content=\"\u201cBir \u00f6m\u00fcr diye s\u00f6z etti\u011fimiz hayat asl\u0131nda birden fazla \u2018dilimler\u2019 i\u00e7erisinde ya\u015fad\u0131\u011f\u0131m\u0131z fragmanlardan olu\u015fan ki\u015fisel yolculu\u011fumuz, sonsuz de\u011fer verdi\u011fim ebeveynlerimin deyimiyle, \u00f6zellikle babam\u0131n anlat\u0131m\u0131yla \u201cmaratonlar ve aras\u0131na yerle\u015ftirilen reklamlardan olu\u015fur hayat\u201d. T\u00fcm k\u00fcresel faaliyetlerim a\u00e7\u0131s\u0131ndan, ister yurtd\u0131\u015f\u0131nda olsun, ister anavatan\u0131mda, hep T\u00fcrkiye Cumhuriyeti akl\u0131mda, kalbimde, dilimde ve icraatlar\u0131mda oldu. Dokunulmaz&#8217;\u0131 kurarken tek bir c\u00fcmleyi daima [&hellip;]\" \/>\n<meta property=\"og:url\" content=\"https:\/\/dokunulmaz.com.tr\/?page_id=23\" \/>\n<meta property=\"og:site_name\" content=\"Dokunulmaz\" \/>\n<meta property=\"article:modified_time\" content=\"2024-07-10T14:46:36+00:00\" \/>\n<meta property=\"og:image\" content=\"https:\/\/dokunulmaz.com.tr\/wp-content\/uploads\/2024\/03\/Group-40.svg\" \/>\n<meta name=\"twitter:card\" content=\"summary_large_image\" \/>\n<meta name=\"twitter:label1\" content=\"Tahmini okuma s\u00fcresi\" \/>\n\t<meta name=\"twitter:data1\" content=\"4 dakika\" \/>\n<script type=\"application\/ld+json\" class=\"yoast-schema-graph\">{\"@context\":\"https:\\\/\\\/schema.org\",\"@graph\":[{\"@type\":\"WebPage\",\"@id\":\"https:\\\/\\\/dokunulmaz.com.tr\\\/?page_id=23\",\"url\":\"https:\\\/\\\/dokunulmaz.com.tr\\\/?page_id=23\",\"name\":\"\u00d6ns\u00f6z - Dokunulmaz\",\"isPartOf\":{\"@id\":\"https:\\\/\\\/dokunulmaz.com.tr\\\/#website\"},\"primaryImageOfPage\":{\"@id\":\"https:\\\/\\\/dokunulmaz.com.tr\\\/?page_id=23#primaryimage\"},\"image\":{\"@id\":\"https:\\\/\\\/dokunulmaz.com.tr\\\/?page_id=23#primaryimage\"},\"thumbnailUrl\":\"https:\\\/\\\/dokunulmaz.com.tr\\\/wp-content\\\/uploads\\\/2024\\\/03\\\/Group-40.svg\",\"datePublished\":\"2024-03-10T20:24:02+00:00\",\"dateModified\":\"2024-07-10T14:46:36+00:00\",\"breadcrumb\":{\"@id\":\"https:\\\/\\\/dokunulmaz.com.tr\\\/?page_id=23#breadcrumb\"},\"inLanguage\":\"tr\",\"potentialAction\":[{\"@type\":\"ReadAction\",\"target\":[\"https:\\\/\\\/dokunulmaz.com.tr\\\/?page_id=23\"]}]},{\"@type\":\"ImageObject\",\"inLanguage\":\"tr\",\"@id\":\"https:\\\/\\\/dokunulmaz.com.tr\\\/?page_id=23#primaryimage\",\"url\":\"https:\\\/\\\/dokunulmaz.com.tr\\\/wp-content\\\/uploads\\\/2024\\\/03\\\/Group-40.svg\",\"contentUrl\":\"https:\\\/\\\/dokunulmaz.com.tr\\\/wp-content\\\/uploads\\\/2024\\\/03\\\/Group-40.svg\",\"width\":211,\"height\":87},{\"@type\":\"BreadcrumbList\",\"@id\":\"https:\\\/\\\/dokunulmaz.com.tr\\\/?page_id=23#breadcrumb\",\"itemListElement\":[{\"@type\":\"ListItem\",\"position\":1,\"name\":\"Home\",\"item\":\"https:\\\/\\\/dokunulmaz.com.tr\\\/\"},{\"@type\":\"ListItem\",\"position\":2,\"name\":\"\u00d6ns\u00f6z\"}]},{\"@type\":\"WebSite\",\"@id\":\"https:\\\/\\\/dokunulmaz.com.tr\\\/#website\",\"url\":\"https:\\\/\\\/dokunulmaz.com.tr\\\/\",\"name\":\"Dokunulmaz\",\"description\":\"dokunulmaz.com.tr\",\"potentialAction\":[{\"@type\":\"SearchAction\",\"target\":{\"@type\":\"EntryPoint\",\"urlTemplate\":\"https:\\\/\\\/dokunulmaz.com.tr\\\/?s={search_term_string}\"},\"query-input\":{\"@type\":\"PropertyValueSpecification\",\"valueRequired\":true,\"valueName\":\"search_term_string\"}}],\"inLanguage\":\"tr\"}]}<\/script>\n<!-- \/ Yoast SEO plugin. -->","yoast_head_json":{"title":"\u00d6ns\u00f6z - Dokunulmaz","robots":{"index":"noindex","follow":"follow","max-snippet":"max-snippet:-1","max-image-preview":"max-image-preview:large","max-video-preview":"max-video-preview:-1"},"og_locale":"tr_TR","og_type":"article","og_title":"\u00d6ns\u00f6z - Dokunulmaz","og_description":"\u201cBir \u00f6m\u00fcr diye s\u00f6z etti\u011fimiz hayat asl\u0131nda birden fazla \u2018dilimler\u2019 i\u00e7erisinde ya\u015fad\u0131\u011f\u0131m\u0131z fragmanlardan olu\u015fan ki\u015fisel yolculu\u011fumuz, sonsuz de\u011fer verdi\u011fim ebeveynlerimin deyimiyle, \u00f6zellikle babam\u0131n anlat\u0131m\u0131yla \u201cmaratonlar ve aras\u0131na yerle\u015ftirilen reklamlardan olu\u015fur hayat\u201d. T\u00fcm k\u00fcresel faaliyetlerim a\u00e7\u0131s\u0131ndan, ister yurtd\u0131\u015f\u0131nda olsun, ister anavatan\u0131mda, hep T\u00fcrkiye Cumhuriyeti akl\u0131mda, kalbimde, dilimde ve icraatlar\u0131mda oldu. Dokunulmaz&#8217;\u0131 kurarken tek bir c\u00fcmleyi daima [&hellip;]","og_url":"https:\/\/dokunulmaz.com.tr\/?page_id=23","og_site_name":"Dokunulmaz","article_modified_time":"2024-07-10T14:46:36+00:00","og_image":[{"url":"https:\/\/dokunulmaz.com.tr\/wp-content\/uploads\/2024\/03\/Group-40.svg","type":"","width":"","height":""}],"twitter_card":"summary_large_image","twitter_misc":{"Tahmini okuma s\u00fcresi":"4 dakika"},"schema":{"@context":"https:\/\/schema.org","@graph":[{"@type":"WebPage","@id":"https:\/\/dokunulmaz.com.tr\/?page_id=23","url":"https:\/\/dokunulmaz.com.tr\/?page_id=23","name":"\u00d6ns\u00f6z - Dokunulmaz","isPartOf":{"@id":"https:\/\/dokunulmaz.com.tr\/#website"},"primaryImageOfPage":{"@id":"https:\/\/dokunulmaz.com.tr\/?page_id=23#primaryimage"},"image":{"@id":"https:\/\/dokunulmaz.com.tr\/?page_id=23#primaryimage"},"thumbnailUrl":"https:\/\/dokunulmaz.com.tr\/wp-content\/uploads\/2024\/03\/Group-40.svg","datePublished":"2024-03-10T20:24:02+00:00","dateModified":"2024-07-10T14:46:36+00:00","breadcrumb":{"@id":"https:\/\/dokunulmaz.com.tr\/?page_id=23#breadcrumb"},"inLanguage":"tr","potentialAction":[{"@type":"ReadAction","target":["https:\/\/dokunulmaz.com.tr\/?page_id=23"]}]},{"@type":"ImageObject","inLanguage":"tr","@id":"https:\/\/dokunulmaz.com.tr\/?page_id=23#primaryimage","url":"https:\/\/dokunulmaz.com.tr\/wp-content\/uploads\/2024\/03\/Group-40.svg","contentUrl":"https:\/\/dokunulmaz.com.tr\/wp-content\/uploads\/2024\/03\/Group-40.svg","width":211,"height":87},{"@type":"BreadcrumbList","@id":"https:\/\/dokunulmaz.com.tr\/?page_id=23#breadcrumb","itemListElement":[{"@type":"ListItem","position":1,"name":"Home","item":"https:\/\/dokunulmaz.com.tr\/"},{"@type":"ListItem","position":2,"name":"\u00d6ns\u00f6z"}]},{"@type":"WebSite","@id":"https:\/\/dokunulmaz.com.tr\/#website","url":"https:\/\/dokunulmaz.com.tr\/","name":"Dokunulmaz","description":"dokunulmaz.com.tr","potentialAction":[{"@type":"SearchAction","target":{"@type":"EntryPoint","urlTemplate":"https:\/\/dokunulmaz.com.tr\/?s={search_term_string}"},"query-input":{"@type":"PropertyValueSpecification","valueRequired":true,"valueName":"search_term_string"}}],"inLanguage":"tr"}]}},"_links":{"self":[{"href":"https:\/\/dokunulmaz.com.tr\/index.php?rest_route=\/wp\/v2\/pages\/23","targetHints":{"allow":["GET"]}}],"collection":[{"href":"https:\/\/dokunulmaz.com.tr\/index.php?rest_route=\/wp\/v2\/pages"}],"about":[{"href":"https:\/\/dokunulmaz.com.tr\/index.php?rest_route=\/wp\/v2\/types\/page"}],"author":[{"embeddable":true,"href":"https:\/\/dokunulmaz.com.tr\/index.php?rest_route=\/wp\/v2\/users\/3"}],"replies":[{"embeddable":true,"href":"https:\/\/dokunulmaz.com.tr\/index.php?rest_route=%2Fwp%2Fv2%2Fcomments&post=23"}],"version-history":[{"count":50,"href":"https:\/\/dokunulmaz.com.tr\/index.php?rest_route=\/wp\/v2\/pages\/23\/revisions"}],"predecessor-version":[{"id":948,"href":"https:\/\/dokunulmaz.com.tr\/index.php?rest_route=\/wp\/v2\/pages\/23\/revisions\/948"}],"wp:attachment":[{"href":"https:\/\/dokunulmaz.com.tr\/index.php?rest_route=%2Fwp%2Fv2%2Fmedia&parent=23"}],"curies":[{"name":"wp","href":"https:\/\/api.w.org\/{rel}","templated":true}]}}