{"id":47,"date":"2024-03-10T20:53:25","date_gmt":"2024-03-10T20:53:25","guid":{"rendered":"https:\/\/dokunulmaz.com.tr\/?page_id=47"},"modified":"2024-07-04T13:22:59","modified_gmt":"2024-07-04T13:22:59","slug":"kunye","status":"publish","type":"page","link":"https:\/\/dokunulmaz.com.tr\/?page_id=47","title":{"rendered":"K\u00fcnye"},"content":{"rendered":"\t\t<div data-elementor-type=\"wp-page\" data-elementor-id=\"47\" class=\"elementor elementor-47\" data-elementor-post-type=\"page\">\n\t\t\t\t<div class=\"elementor-element elementor-element-e3ccd11 e-con-full e-flex e-con e-child\" data-id=\"e3ccd11\" data-element_type=\"container\" data-e-type=\"container\" data-settings=\"{&quot;background_background&quot;:&quot;classic&quot;}\">\n\t\t\t\t<div class=\"elementor-element elementor-element-4bc8614 elementor-widget elementor-widget-image\" data-id=\"4bc8614\" data-element_type=\"widget\" data-e-type=\"widget\" data-widget_type=\"image.default\">\n\t\t\t\t<div class=\"elementor-widget-container\">\n\t\t\t\t\t\t\t\t\t\t\t\t\t\t\t<img fetchpriority=\"high\" decoding=\"async\" width=\"800\" height=\"800\" src=\"https:\/\/dokunulmaz.com.tr\/wp-content\/uploads\/2024\/03\/Logo-1-1.svg\" class=\"attachment-large size-large wp-image-710\" alt=\"\" srcset=\"https:\/\/dokunulmaz.com.tr\/wp-content\/uploads\/\/2024\/03\/Logo-1-1.svg 150w, https:\/\/dokunulmaz.com.tr\/wp-content\/uploads\/\/2024\/03\/Logo-1-1.svg 300w, https:\/\/dokunulmaz.com.tr\/wp-content\/uploads\/\/2024\/03\/Logo-1-1.svg 1024w\" sizes=\"(max-width: 800px) 100vw, 800px\" \/>\t\t\t\t\t\t\t\t\t\t\t\t\t\t\t<\/div>\n\t\t\t\t<\/div>\n\t\t\t\t<div class=\"elementor-element elementor-element-866e216 elementor-widget elementor-widget-text-editor\" data-id=\"866e216\" data-element_type=\"widget\" data-e-type=\"widget\" data-widget_type=\"text-editor.default\">\n\t\t\t\t<div class=\"elementor-widget-container\">\n\t\t\t\t\t\t\t\t\t<p><strong><br \/>Site adresi:<\/strong> www.dokunulmaz.com.tr<\/p><p><strong>Site Sahibi:<\/strong> Alp Sevimlisoy<\/p><p><strong>\u015eehir:<\/strong> \u0130stanbul<\/p><p><strong>Resm\u00ee E-Posta:<\/strong> iletisim[at]dokunulmaz.com.tr<\/p><p><strong>Bili\u015fim Hizmet Sa\u011flay\u0131c\u0131s\u0131:<\/strong> CST Bilgisayar San. ve Tic. Ltd. \u015eti.<\/p><p><strong>\u0130nternet Hizmet Sa\u011flay\u0131c\u0131s\u0131:<\/strong> T\u00fcrk Telekom\u00fcnikasyon A.\u015e.<\/p>\t\t\t\t\t\t\t\t<\/div>\n\t\t\t\t<\/div>\n\t\t\t\t<\/div>\n\t\t\t\t<\/div>\n\t\t","protected":false},"excerpt":{"rendered":"<p>Site adresi: www.dokunulmaz.com.tr Site Sahibi: Alp Sevimlisoy \u015eehir: \u0130stanbul Resm\u00ee E-Posta: iletisim[at]dokunulmaz.com.tr Bili\u015fim Hizmet Sa\u011flay\u0131c\u0131s\u0131: CST Bilgisayar San. ve Tic. Ltd. \u015eti. \u0130nternet Hizmet Sa\u011flay\u0131c\u0131s\u0131: T\u00fcrk Telekom\u00fcnikasyon A.\u015e.<\/p>\n","protected":false},"author":1,"featured_media":0,"parent":0,"menu_order":0,"comment_status":"closed","ping_status":"closed","template":"","meta":{"_acf_changed":false,"footnotes":""},"class_list":["post-47","page","type-page","status-publish","hentry"],"acf":[],"yoast_head":"<!-- This site is optimized with the Yoast SEO plugin v27.4 - https:\/\/yoast.com\/product\/yoast-seo-wordpress\/ -->\n<title>K\u00fcnye - Dokunulmaz<\/title>\n<meta name=\"robots\" content=\"noindex, follow, max-snippet:-1, max-image-preview:large, max-video-preview:-1\" \/>\n<meta property=\"og:locale\" content=\"tr_TR\" \/>\n<meta property=\"og:type\" content=\"article\" \/>\n<meta property=\"og:title\" content=\"K\u00fcnye - Dokunulmaz\" \/>\n<meta property=\"og:description\" content=\"Site adresi: www.dokunulmaz.com.tr Site Sahibi: Alp Sevimlisoy \u015eehir: \u0130stanbul Resm\u00ee E-Posta: iletisim[at]dokunulmaz.com.tr Bili\u015fim Hizmet Sa\u011flay\u0131c\u0131s\u0131: CST Bilgisayar San. ve Tic. Ltd. \u015eti. \u0130nternet Hizmet Sa\u011flay\u0131c\u0131s\u0131: T\u00fcrk Telekom\u00fcnikasyon A.\u015e.\" \/>\n<meta property=\"og:url\" content=\"https:\/\/dokunulmaz.com.tr\/?page_id=47\" \/>\n<meta property=\"og:site_name\" content=\"Dokunulmaz\" \/>\n<meta property=\"article:modified_time\" content=\"2024-07-04T13:22:59+00:00\" \/>\n<meta property=\"og:image\" content=\"https:\/\/dokunulmaz.com.tr\/wp-content\/uploads\/2024\/03\/Logo-1-1.svg\" \/>\n<meta name=\"twitter:card\" content=\"summary_large_image\" \/>\n<meta name=\"twitter:label1\" content=\"Tahmini okuma s\u00fcresi\" \/>\n\t<meta name=\"twitter:data1\" content=\"1 dakika\" \/>\n<script type=\"application\/ld+json\" class=\"yoast-schema-graph\">{\"@context\":\"https:\\\/\\\/schema.org\",\"@graph\":[{\"@type\":\"WebPage\",\"@id\":\"https:\\\/\\\/dokunulmaz.com.tr\\\/?page_id=47\",\"url\":\"https:\\\/\\\/dokunulmaz.com.tr\\\/?page_id=47\",\"name\":\"K\u00fcnye - Dokunulmaz\",\"isPartOf\":{\"@id\":\"https:\\\/\\\/dokunulmaz.com.tr\\\/#website\"},\"primaryImageOfPage\":{\"@id\":\"https:\\\/\\\/dokunulmaz.com.tr\\\/?page_id=47#primaryimage\"},\"image\":{\"@id\":\"https:\\\/\\\/dokunulmaz.com.tr\\\/?page_id=47#primaryimage\"},\"thumbnailUrl\":\"https:\\\/\\\/dokunulmaz.com.tr\\\/wp-content\\\/uploads\\\/2024\\\/03\\\/Logo-1-1.svg\",\"datePublished\":\"2024-03-10T20:53:25+00:00\",\"dateModified\":\"2024-07-04T13:22:59+00:00\",\"breadcrumb\":{\"@id\":\"https:\\\/\\\/dokunulmaz.com.tr\\\/?page_id=47#breadcrumb\"},\"inLanguage\":\"tr\",\"potentialAction\":[{\"@type\":\"ReadAction\",\"target\":[\"https:\\\/\\\/dokunulmaz.com.tr\\\/?page_id=47\"]}]},{\"@type\":\"ImageObject\",\"inLanguage\":\"tr\",\"@id\":\"https:\\\/\\\/dokunulmaz.com.tr\\\/?page_id=47#primaryimage\",\"url\":\"https:\\\/\\\/dokunulmaz.com.tr\\\/wp-content\\\/uploads\\\/2024\\\/03\\\/Logo-1-1.svg\",\"contentUrl\":\"https:\\\/\\\/dokunulmaz.com.tr\\\/wp-content\\\/uploads\\\/2024\\\/03\\\/Logo-1-1.svg\",\"width\":426,\"height\":108},{\"@type\":\"BreadcrumbList\",\"@id\":\"https:\\\/\\\/dokunulmaz.com.tr\\\/?page_id=47#breadcrumb\",\"itemListElement\":[{\"@type\":\"ListItem\",\"position\":1,\"name\":\"Home\",\"item\":\"https:\\\/\\\/dokunulmaz.com.tr\\\/\"},{\"@type\":\"ListItem\",\"position\":2,\"name\":\"K\u00fcnye\"}]},{\"@type\":\"WebSite\",\"@id\":\"https:\\\/\\\/dokunulmaz.com.tr\\\/#website\",\"url\":\"https:\\\/\\\/dokunulmaz.com.tr\\\/\",\"name\":\"Dokunulmaz\",\"description\":\"dokunulmaz.com.tr\",\"potentialAction\":[{\"@type\":\"SearchAction\",\"target\":{\"@type\":\"EntryPoint\",\"urlTemplate\":\"https:\\\/\\\/dokunulmaz.com.tr\\\/?s={search_term_string}\"},\"query-input\":{\"@type\":\"PropertyValueSpecification\",\"valueRequired\":true,\"valueName\":\"search_term_string\"}}],\"inLanguage\":\"tr\"}]}<\/script>\n<!-- \/ Yoast SEO plugin. -->","yoast_head_json":{"title":"K\u00fcnye - Dokunulmaz","robots":{"index":"noindex","follow":"follow","max-snippet":"max-snippet:-1","max-image-preview":"max-image-preview:large","max-video-preview":"max-video-preview:-1"},"og_locale":"tr_TR","og_type":"article","og_title":"K\u00fcnye - Dokunulmaz","og_description":"Site adresi: www.dokunulmaz.com.tr Site Sahibi: Alp Sevimlisoy \u015eehir: \u0130stanbul Resm\u00ee E-Posta: iletisim[at]dokunulmaz.com.tr Bili\u015fim Hizmet Sa\u011flay\u0131c\u0131s\u0131: CST Bilgisayar San. ve Tic. Ltd. \u015eti. \u0130nternet Hizmet Sa\u011flay\u0131c\u0131s\u0131: T\u00fcrk Telekom\u00fcnikasyon A.\u015e.","og_url":"https:\/\/dokunulmaz.com.tr\/?page_id=47","og_site_name":"Dokunulmaz","article_modified_time":"2024-07-04T13:22:59+00:00","og_image":[{"url":"https:\/\/dokunulmaz.com.tr\/wp-content\/uploads\/2024\/03\/Logo-1-1.svg","type":"","width":"","height":""}],"twitter_card":"summary_large_image","twitter_misc":{"Tahmini okuma s\u00fcresi":"1 dakika"},"schema":{"@context":"https:\/\/schema.org","@graph":[{"@type":"WebPage","@id":"https:\/\/dokunulmaz.com.tr\/?page_id=47","url":"https:\/\/dokunulmaz.com.tr\/?page_id=47","name":"K\u00fcnye - Dokunulmaz","isPartOf":{"@id":"https:\/\/dokunulmaz.com.tr\/#website"},"primaryImageOfPage":{"@id":"https:\/\/dokunulmaz.com.tr\/?page_id=47#primaryimage"},"image":{"@id":"https:\/\/dokunulmaz.com.tr\/?page_id=47#primaryimage"},"thumbnailUrl":"https:\/\/dokunulmaz.com.tr\/wp-content\/uploads\/2024\/03\/Logo-1-1.svg","datePublished":"2024-03-10T20:53:25+00:00","dateModified":"2024-07-04T13:22:59+00:00","breadcrumb":{"@id":"https:\/\/dokunulmaz.com.tr\/?page_id=47#breadcrumb"},"inLanguage":"tr","potentialAction":[{"@type":"ReadAction","target":["https:\/\/dokunulmaz.com.tr\/?page_id=47"]}]},{"@type":"ImageObject","inLanguage":"tr","@id":"https:\/\/dokunulmaz.com.tr\/?page_id=47#primaryimage","url":"https:\/\/dokunulmaz.com.tr\/wp-content\/uploads\/2024\/03\/Logo-1-1.svg","contentUrl":"https:\/\/dokunulmaz.com.tr\/wp-content\/uploads\/2024\/03\/Logo-1-1.svg","width":426,"height":108},{"@type":"BreadcrumbList","@id":"https:\/\/dokunulmaz.com.tr\/?page_id=47#breadcrumb","itemListElement":[{"@type":"ListItem","position":1,"name":"Home","item":"https:\/\/dokunulmaz.com.tr\/"},{"@type":"ListItem","position":2,"name":"K\u00fcnye"}]},{"@type":"WebSite","@id":"https:\/\/dokunulmaz.com.tr\/#website","url":"https:\/\/dokunulmaz.com.tr\/","name":"Dokunulmaz","description":"dokunulmaz.com.tr","potentialAction":[{"@type":"SearchAction","target":{"@type":"EntryPoint","urlTemplate":"https:\/\/dokunulmaz.com.tr\/?s={search_term_string}"},"query-input":{"@type":"PropertyValueSpecification","valueRequired":true,"valueName":"search_term_string"}}],"inLanguage":"tr"}]}},"_links":{"self":[{"href":"https:\/\/dokunulmaz.com.tr\/index.php?rest_route=\/wp\/v2\/pages\/47","targetHints":{"allow":["GET"]}}],"collection":[{"href":"https:\/\/dokunulmaz.com.tr\/index.php?rest_route=\/wp\/v2\/pages"}],"about":[{"href":"https:\/\/dokunulmaz.com.tr\/index.php?rest_route=\/wp\/v2\/types\/page"}],"author":[{"embeddable":true,"href":"https:\/\/dokunulmaz.com.tr\/index.php?rest_route=\/wp\/v2\/users\/1"}],"replies":[{"embeddable":true,"href":"https:\/\/dokunulmaz.com.tr\/index.php?rest_route=%2Fwp%2Fv2%2Fcomments&post=47"}],"version-history":[{"count":16,"href":"https:\/\/dokunulmaz.com.tr\/index.php?rest_route=\/wp\/v2\/pages\/47\/revisions"}],"predecessor-version":[{"id":940,"href":"https:\/\/dokunulmaz.com.tr\/index.php?rest_route=\/wp\/v2\/pages\/47\/revisions\/940"}],"wp:attachment":[{"href":"https:\/\/dokunulmaz.com.tr\/index.php?rest_route=%2Fwp%2Fv2%2Fmedia&parent=47"}],"curies":[{"name":"wp","href":"https:\/\/api.w.org\/{rel}","templated":true}]}}