{"id":49,"date":"2024-03-10T20:53:31","date_gmt":"2024-03-10T20:53:31","guid":{"rendered":"https:\/\/dokunulmaz.com.tr\/?page_id=49"},"modified":"2024-03-27T12:51:09","modified_gmt":"2024-03-27T12:51:09","slug":"iletisim","status":"publish","type":"page","link":"https:\/\/dokunulmaz.com.tr\/?page_id=49","title":{"rendered":"\u0130leti\u015fim"},"content":{"rendered":"\t\t<div data-elementor-type=\"wp-page\" data-elementor-id=\"49\" class=\"elementor elementor-49\" data-elementor-post-type=\"page\">\n\t\t\t\t<div class=\"elementor-element elementor-element-bf4ba4b e-con-full e-flex e-con e-child\" data-id=\"bf4ba4b\" data-element_type=\"container\" data-e-type=\"container\" data-settings=\"{&quot;background_background&quot;:&quot;classic&quot;}\">\n\t\t<div class=\"elementor-element elementor-element-7b52cbe e-con-full e-flex e-con e-child\" data-id=\"7b52cbe\" data-element_type=\"container\" data-e-type=\"container\">\n\t\t\t\t<div class=\"elementor-element elementor-element-14ec2ca elementor-widget elementor-widget-heading\" data-id=\"14ec2ca\" data-element_type=\"widget\" data-e-type=\"widget\" data-widget_type=\"heading.default\">\n\t\t\t\t<div class=\"elementor-widget-container\">\n\t\t\t\t\t<h5 class=\"elementor-heading-title elementor-size-default\"><h5 style=\", sans-serif;text-align: center\"><b>Kurumsal \u0130leti\u015fim<\/b><\/h5><\/h5>\t\t\t\t<\/div>\n\t\t\t\t<\/div>\n\t\t\t\t<div class=\"elementor-element elementor-element-ebb32fe elementor-widget elementor-widget-text-editor\" data-id=\"ebb32fe\" data-element_type=\"widget\" data-e-type=\"widget\" data-widget_type=\"text-editor.default\">\n\t\t\t\t<div class=\"elementor-widget-container\">\n\t\t\t\t\t\t\t\t\t<p style=\"font-size: 18px; text-align: start;\">www.dokunulmaz.com.tr taraf\u0131ndan isteklerinizi sayfam\u0131zda belirtilen ileti\u015fim detaylar\u0131m\u0131z \u00fczerinden ger\u00e7ekle\u015ftirebilirsiniz, kurumsal ili\u015fkiler ekibimizden biri sizinle ileti\u015fime ge\u00e7ecektir.<\/p>\n<p style=\"font-size: 18px; text-align: start;\"><span style=\"font-weight: bolder;\">Kurumsal \u0130leti\u015fim Adresimiz:<\/span><b><br><\/b><span style=\"font-weight: var( --e-global-typography-b1ed833-font-weight ); letter-spacing: var( --e-global-typography-b1ed833-letter-spacing ); word-spacing: var( --e-global-typography-b1ed833-word-spacing ); background-color: var( --e-global-color-6003885 );\">iletisim[at]dokunulmaz.com.tr<\/span><\/p>\n<p style=\"font-size: 18px; text-align: start;\">\n<\/p>\t\t\t\t\t\t\t\t<\/div>\n\t\t\t\t<\/div>\n\t\t\t\t<\/div>\n\t\t\t\t<\/div>\n\t\t\t\t<\/div>\n\t\t","protected":false},"excerpt":{"rendered":"<p>Kurumsal \u0130leti\u015fim www.dokunulmaz.com.tr taraf\u0131ndan isteklerinizi sayfam\u0131zda belirtilen ileti\u015fim detaylar\u0131m\u0131z \u00fczerinden ger\u00e7ekle\u015ftirebilirsiniz, kurumsal ili\u015fkiler ekibimizden biri sizinle ileti\u015fime ge\u00e7ecektir. Kurumsal \u0130leti\u015fim Adresimiz:iletisim[at]dokunulmaz.com.tr<\/p>\n","protected":false},"author":1,"featured_media":0,"parent":0,"menu_order":0,"comment_status":"closed","ping_status":"closed","template":"","meta":{"_acf_changed":false,"footnotes":""},"class_list":["post-49","page","type-page","status-publish","hentry"],"acf":[],"yoast_head":"<!-- This site is optimized with the Yoast SEO plugin v27.4 - https:\/\/yoast.com\/product\/yoast-seo-wordpress\/ -->\n<title>\u0130leti\u015fim - Dokunulmaz<\/title>\n<meta name=\"robots\" content=\"noindex, follow, max-snippet:-1, max-image-preview:large, max-video-preview:-1\" \/>\n<meta property=\"og:locale\" content=\"tr_TR\" \/>\n<meta property=\"og:type\" content=\"article\" \/>\n<meta property=\"og:title\" content=\"\u0130leti\u015fim - Dokunulmaz\" \/>\n<meta property=\"og:description\" content=\"Kurumsal \u0130leti\u015fim www.dokunulmaz.com.tr taraf\u0131ndan isteklerinizi sayfam\u0131zda belirtilen ileti\u015fim detaylar\u0131m\u0131z \u00fczerinden ger\u00e7ekle\u015ftirebilirsiniz, kurumsal ili\u015fkiler ekibimizden biri sizinle ileti\u015fime ge\u00e7ecektir. Kurumsal \u0130leti\u015fim Adresimiz:iletisim[at]dokunulmaz.com.tr\" \/>\n<meta property=\"og:url\" content=\"https:\/\/dokunulmaz.com.tr\/?page_id=49\" \/>\n<meta property=\"og:site_name\" content=\"Dokunulmaz\" \/>\n<meta property=\"article:modified_time\" content=\"2024-03-27T12:51:09+00:00\" \/>\n<meta name=\"twitter:card\" content=\"summary_large_image\" \/>\n<script type=\"application\/ld+json\" class=\"yoast-schema-graph\">{\"@context\":\"https:\\\/\\\/schema.org\",\"@graph\":[{\"@type\":\"WebPage\",\"@id\":\"https:\\\/\\\/dokunulmaz.com.tr\\\/?page_id=49\",\"url\":\"https:\\\/\\\/dokunulmaz.com.tr\\\/?page_id=49\",\"name\":\"\u0130leti\u015fim - Dokunulmaz\",\"isPartOf\":{\"@id\":\"https:\\\/\\\/dokunulmaz.com.tr\\\/#website\"},\"datePublished\":\"2024-03-10T20:53:31+00:00\",\"dateModified\":\"2024-03-27T12:51:09+00:00\",\"breadcrumb\":{\"@id\":\"https:\\\/\\\/dokunulmaz.com.tr\\\/?page_id=49#breadcrumb\"},\"inLanguage\":\"tr\",\"potentialAction\":[{\"@type\":\"ReadAction\",\"target\":[\"https:\\\/\\\/dokunulmaz.com.tr\\\/?page_id=49\"]}]},{\"@type\":\"BreadcrumbList\",\"@id\":\"https:\\\/\\\/dokunulmaz.com.tr\\\/?page_id=49#breadcrumb\",\"itemListElement\":[{\"@type\":\"ListItem\",\"position\":1,\"name\":\"Home\",\"item\":\"https:\\\/\\\/dokunulmaz.com.tr\\\/\"},{\"@type\":\"ListItem\",\"position\":2,\"name\":\"\u0130leti\u015fim\"}]},{\"@type\":\"WebSite\",\"@id\":\"https:\\\/\\\/dokunulmaz.com.tr\\\/#website\",\"url\":\"https:\\\/\\\/dokunulmaz.com.tr\\\/\",\"name\":\"Dokunulmaz\",\"description\":\"dokunulmaz.com.tr\",\"potentialAction\":[{\"@type\":\"SearchAction\",\"target\":{\"@type\":\"EntryPoint\",\"urlTemplate\":\"https:\\\/\\\/dokunulmaz.com.tr\\\/?s={search_term_string}\"},\"query-input\":{\"@type\":\"PropertyValueSpecification\",\"valueRequired\":true,\"valueName\":\"search_term_string\"}}],\"inLanguage\":\"tr\"}]}<\/script>\n<!-- \/ Yoast SEO plugin. -->","yoast_head_json":{"title":"\u0130leti\u015fim - Dokunulmaz","robots":{"index":"noindex","follow":"follow","max-snippet":"max-snippet:-1","max-image-preview":"max-image-preview:large","max-video-preview":"max-video-preview:-1"},"og_locale":"tr_TR","og_type":"article","og_title":"\u0130leti\u015fim - Dokunulmaz","og_description":"Kurumsal \u0130leti\u015fim www.dokunulmaz.com.tr taraf\u0131ndan isteklerinizi sayfam\u0131zda belirtilen ileti\u015fim detaylar\u0131m\u0131z \u00fczerinden ger\u00e7ekle\u015ftirebilirsiniz, kurumsal ili\u015fkiler ekibimizden biri sizinle ileti\u015fime ge\u00e7ecektir. Kurumsal \u0130leti\u015fim Adresimiz:iletisim[at]dokunulmaz.com.tr","og_url":"https:\/\/dokunulmaz.com.tr\/?page_id=49","og_site_name":"Dokunulmaz","article_modified_time":"2024-03-27T12:51:09+00:00","twitter_card":"summary_large_image","schema":{"@context":"https:\/\/schema.org","@graph":[{"@type":"WebPage","@id":"https:\/\/dokunulmaz.com.tr\/?page_id=49","url":"https:\/\/dokunulmaz.com.tr\/?page_id=49","name":"\u0130leti\u015fim - Dokunulmaz","isPartOf":{"@id":"https:\/\/dokunulmaz.com.tr\/#website"},"datePublished":"2024-03-10T20:53:31+00:00","dateModified":"2024-03-27T12:51:09+00:00","breadcrumb":{"@id":"https:\/\/dokunulmaz.com.tr\/?page_id=49#breadcrumb"},"inLanguage":"tr","potentialAction":[{"@type":"ReadAction","target":["https:\/\/dokunulmaz.com.tr\/?page_id=49"]}]},{"@type":"BreadcrumbList","@id":"https:\/\/dokunulmaz.com.tr\/?page_id=49#breadcrumb","itemListElement":[{"@type":"ListItem","position":1,"name":"Home","item":"https:\/\/dokunulmaz.com.tr\/"},{"@type":"ListItem","position":2,"name":"\u0130leti\u015fim"}]},{"@type":"WebSite","@id":"https:\/\/dokunulmaz.com.tr\/#website","url":"https:\/\/dokunulmaz.com.tr\/","name":"Dokunulmaz","description":"dokunulmaz.com.tr","potentialAction":[{"@type":"SearchAction","target":{"@type":"EntryPoint","urlTemplate":"https:\/\/dokunulmaz.com.tr\/?s={search_term_string}"},"query-input":{"@type":"PropertyValueSpecification","valueRequired":true,"valueName":"search_term_string"}}],"inLanguage":"tr"}]}},"_links":{"self":[{"href":"https:\/\/dokunulmaz.com.tr\/index.php?rest_route=\/wp\/v2\/pages\/49","targetHints":{"allow":["GET"]}}],"collection":[{"href":"https:\/\/dokunulmaz.com.tr\/index.php?rest_route=\/wp\/v2\/pages"}],"about":[{"href":"https:\/\/dokunulmaz.com.tr\/index.php?rest_route=\/wp\/v2\/types\/page"}],"author":[{"embeddable":true,"href":"https:\/\/dokunulmaz.com.tr\/index.php?rest_route=\/wp\/v2\/users\/1"}],"replies":[{"embeddable":true,"href":"https:\/\/dokunulmaz.com.tr\/index.php?rest_route=%2Fwp%2Fv2%2Fcomments&post=49"}],"version-history":[{"count":46,"href":"https:\/\/dokunulmaz.com.tr\/index.php?rest_route=\/wp\/v2\/pages\/49\/revisions"}],"predecessor-version":[{"id":828,"href":"https:\/\/dokunulmaz.com.tr\/index.php?rest_route=\/wp\/v2\/pages\/49\/revisions\/828"}],"wp:attachment":[{"href":"https:\/\/dokunulmaz.com.tr\/index.php?rest_route=%2Fwp%2Fv2%2Fmedia&parent=49"}],"curies":[{"name":"wp","href":"https:\/\/api.w.org\/{rel}","templated":true}]}}