{"id":51,"date":"2024-03-10T20:53:38","date_gmt":"2024-03-10T20:53:38","guid":{"rendered":"https:\/\/dokunulmaz.com.tr\/?page_id=51"},"modified":"2024-03-27T13:35:16","modified_gmt":"2024-03-27T13:35:16","slug":"gizlilik-ve-kisisel-verilerin-korunmasi-politikasi","status":"publish","type":"page","link":"https:\/\/dokunulmaz.com.tr\/?page_id=51","title":{"rendered":"Gizlilik ve Ki\u015fisel Verilerin Korunmas\u0131 Politikas\u0131"},"content":{"rendered":"\t\t<div data-elementor-type=\"wp-page\" data-elementor-id=\"51\" class=\"elementor elementor-51\" data-elementor-post-type=\"page\">\n\t\t\t\t<div class=\"elementor-element elementor-element-49452a75 e-con-full e-flex e-con e-parent\" data-id=\"49452a75\" data-element_type=\"container\" data-e-type=\"container\" data-settings=\"{&quot;background_background&quot;:&quot;classic&quot;}\">\n\t\t\t\t<div class=\"elementor-element elementor-element-7c3047f0 elementor-widget elementor-widget-text-editor\" data-id=\"7c3047f0\" data-element_type=\"widget\" data-e-type=\"widget\" data-widget_type=\"text-editor.default\">\n\t\t\t\t<div class=\"elementor-widget-container\">\n\t\t\t\t\t\t\t\t\t<p><strong>K\u0130\u015e\u0130SEL VER\u0130LER\u0130N KORUNMASI HAKKINDA AYDINLATMA VE RIZA METN\u0130<\/strong><\/p><p><strong>K\u0130\u015e\u0130SEL VER\u0130LER\u0130N\u0130Z\u0130N \u0130\u015eLENME AMA\u00c7LARI:<\/strong><br \/>www.dokunulmaz.com.tr m\u00fc\u015fterisi veya m\u00fc\u015fterimiz ad\u0131na internet sitesinde gerekli i\u015flemleri ger\u00e7ekle\u015ftiren ki\u015fi olarak \u015firketimiz sizden ad, soyad, telefon numaras\u0131, e \u2013 posta adresi, adres bilgileri, telefon ID numaras\u0131, gezinti tan\u0131mlama bilgileri (\u00e7erez, web taray\u0131c\u0131 i\u015faret\u00e7ileri bilgileri, \u0130P no-adresi, konum, i\u015fletim sistemi), ilgi alanlar\u0131n\u0131za ili\u015fkin bilgileri, hizmet tercihleriniz gibi ki\u015fisel verilerinizi elde etmekte ve i\u015flemektedir.<br \/>6698 say\u0131l\u0131 Ki\u015fisel Verilerin Korunmas\u0131 Kanunu (KVKK) ve ilgili di\u011fer mevzuat, ki\u015fisel verilerin i\u015flenmesi konusunda ilgililerin uymas\u0131 gereken baz\u0131 usuller belirlemektedir. KVK ve ilgili di\u011fer mevzuat gere\u011fi, veri sorumlusu olarak \u015firketimizin, ki\u015fisel verilerinizin i\u015flenmesi konusunda taraf\u0131n\u0131z\u0131 ayd\u0131nlatma ve r\u0131zan\u0131z\u0131 alma zarureti bulunmaktad\u0131r.<br \/>Buna g\u00f6re, ki\u015fisel verileriniz;<br \/>\u2022 \u0130nternet sitemizde \u00fcyelik kay\u0131t i\u015flemlerin ger\u00e7ekle\u015ftirilmesi,<br \/>\u2022 Gerekti\u011finde sizinle ileti\u015fime ge\u00e7mek i\u00e7in adres, e \u2013 posta, telefon numaras\u0131 gibi bilgilerin kaydedilmesi,<br \/>\u2022 Sizinle ticari ili\u015fkilerimiz kapsam\u0131nda ilgili s\u00f6zle\u015fmelerin akdedilmesi, bu s\u00f6zle\u015fmelerden do\u011fan y\u00fck\u00fcml\u00fcl\u00fcklerimizin yerine getirilmesi,<br \/>\u2022 \u0130nternet sitemizdeki di\u011fer \u015fartlar\u0131n, politikalar\u0131n ve formlar\u0131n g\u00fcncel durumu ve g\u00fcncellemeler ile ilgili m\u00fc\u015fterilerimiz ile ileti\u015fime ge\u00e7mek, gerekli bilgilendirmeleri yapabilmek,<br \/>\u2022 Elektronik veya k\u00e2\u011f\u0131t ortam\u0131nda sizinle ger\u00e7ekle\u015fecek i\u015flemlere dayanak olacak t\u00fcm kay\u0131t ve belgelerin d\u00fczenlenmesi,<br \/>\u2022 \u015eirketimiz taraf\u0131ndan sunulan hizmetler ve sat\u0131n al\u0131nan \u00fcr\u00fcnler kar\u015f\u0131l\u0131\u011f\u0131nda m\u00fc\u015fterilerimiz taraf\u0131ndan \u00f6denmesi gereken \u00fccretlerin \u00f6denebilmesi,<br \/>\u2022 Mevzuat gere\u011fince veya talep halinde yetkili kamu kurumlar\u0131na bilgi verilmesi,<br \/>\u2022 Ger\u00e7ekle\u015fen i\u015flemlere ili\u015fkin kay\u0131tlar\u0131n, bilgilerin ve belgelerin mevzuatta \u00f6ng\u00f6r\u00fclen s\u00fcrelerce saklanabilmesi,<br \/>\u2022 Onay vermeniz halinde, taraf\u0131n\u0131za \u00fcr\u00fcnlerimizin hakk\u0131nda bilgi verilmesi ve kampanyalar ile reklamlar\u0131n iletilmesi,<br \/>\u2022 Listeleme, raporlama, do\u011frulama, analiz ve de\u011ferlendirmeler yap\u0131lmas\u0131, istatistiki bilgilerin \u00fcretilmesi,<br \/>\u2022 \u015eirketimiz taraf\u0131ndan sunulan hizmetler ve \u00fcr\u00fcnler ile ilgili m\u00fc\u015fterilerimizin \u015fik\u00e2yet ve \u00f6nerilerinin de\u011ferlendirilmesi,<br \/>\u2022 Yasal y\u00fck\u00fcml\u00fcl\u00fcklerimizi yerine getirebilmesi ve y\u00fcr\u00fcrl\u00fckteki mevzuattan do\u011fan haklar\u0131m\u0131z\u0131n kullanmas\u0131<br \/>\u2022 Her t\u00fcrl\u00fc m\u00fc\u015fteri hizmetleri s\u00fcre\u00e7lerinin ve i\u015f stratejilerinin belirlenmesi ve uygulanmas\u0131 ama\u00e7lar\u0131yla KVK kapsam\u0131nda i\u015flenmektedir.<\/p><p><strong>K\u0130\u015e\u0130SEL VER\u0130LER\u0130N\u0130Z\u0130N TOPLAMA Y\u00d6NTEMLER\u0130 VE HUKUK\u0130 SEBEPLER\u0130:<\/strong><br \/>Yukar\u0131da say\u0131lan ama\u00e7larla ki\u015fisel verileriniz, KVK\u2019n\u0131n 5. maddesinde belirtilen \u201cS\u00f6zle\u015fmelerin kurulmas\u0131 ve ifas\u0131 i\u00e7in ki\u015fisel verilerinizin i\u015flenmesinin gerekli olmas\u0131\u201d, \u201cKanunlarda a\u00e7\u0131k\u00e7a \u00f6ng\u00f6r\u00fclmesi\u201d, \u201dHukuki y\u00fck\u00fcml\u00fcl\u00fcklerimizin yerine getirilmesi i\u00e7in zorunlu olmas\u0131\u201d, \u201cVeri Sorumlusunun Me\u015fru Menfaati\u201d ve sizin a\u00e7\u0131k r\u0131zan\u0131za dayanarak bizzat taraf\u0131n\u0131zdan otomatik (elektronik) ve otomatik olmayan (yaz\u0131l\u0131, s\u00f6zl\u00fc) yollarla toplanabilmektedir ve i\u015flenmektedir.<br \/>Ayr\u0131ca internet sitemizi geli\u015ftirmeye ve daha efektif hale getirmeye y\u00f6nelik me\u015fru menfaat gere\u011fi \u00c7erez Politikam\u0131zda da detaylar\u0131 belirtildi\u011fi \u00fczere, internet sitemizde kullan\u0131lan \u00e7erezler vas\u0131tas\u0131yla da ki\u015fisel veriniz elektronik olarak toplanabilmekte ve i\u015flenmektedir.<\/p><p><strong>K\u0130\u015e\u0130SEL VER\u0130LER\u0130N\u0130Z\u0130N AKTARILMASI:<\/strong><br \/>Toplanan ki\u015fisel verileriniz KVK\u2019n\u0131n 8. ve 9. maddelerinde belirtilen \u015fartlar do\u011frultusunda yasal y\u00fck\u00fcml\u00fcl\u00fcklerimizin yerine getirilmesi amac\u0131yla yetkili kamu kurumlar\u0131na, i\u015f stratejilerin ve m\u00fc\u015fteri hizmetleri s\u00fcre\u00e7lerinin geli\u015ftirilmesi ve raporlanmas\u0131 ama\u00e7lar\u0131yla yurt i\u00e7inde ve yurt d\u0131\u015f\u0131nda, server hizmetlerinin al\u0131nmas\u0131 amac\u0131yla server hizmetleri ald\u0131\u011f\u0131m\u0131z yurt i\u00e7inde ve yurt d\u0131\u015f\u0131nda bulunan hizmet sa\u011flay\u0131c\u0131s\u0131na ve aktar\u0131labilecektir.<\/p><p><strong>KVKK KAPSAMINDAK\u0130 HAKLARINIZ:<\/strong><br \/>Ki\u015fisel veri sahibi olarak,<br \/>\u2022 Ki\u015fisel veri i\u015flenip i\u015flenmedi\u011fini \u00f6\u011frenme,<br \/>\u2022 Ki\u015fisel verileri i\u015flenmi\u015fse buna ili\u015fkin bilgi talep etme,<br \/>\u2022 Ki\u015fisel verilerin i\u015flenme amac\u0131n\u0131 ve bunlar\u0131n amac\u0131na uygun kullan\u0131l\u0131p kullan\u0131lmad\u0131\u011f\u0131n\u0131 \u00f6\u011frenme,<br \/>\u2022 Yurt i\u00e7inde veya yurt d\u0131\u015f\u0131nda ki\u015fisel verilerin aktar\u0131ld\u0131\u011f\u0131 \u00fc\u00e7\u00fcnc\u00fc ki\u015fileri bilme,<br \/>\u2022 Ki\u015fisel verilerin eksik veya yanl\u0131\u015f i\u015flenmi\u015f olmas\u0131 h\u00e2linde bunlar\u0131n d\u00fczeltilmesini isteme ve bu kapsamda yap\u0131lan i\u015flemin ki\u015fisel verilerin aktar\u0131ld\u0131\u011f\u0131 \u00fc\u00e7\u00fcnc\u00fc ki\u015filere bildirilmesini isteme,<br \/>\u2022 KVK ve ilgili di\u011fer kanun h\u00fck\u00fcmlerine uygun olarak i\u015flenmi\u015f olmas\u0131na ra\u011fmen, i\u015flenmesini gerektiren sebeplerin ortadan kalkmas\u0131 h\u00e2linde ki\u015fisel verilerin silinmesini veya yok edilmesini isteme ve bu kapsamda yap\u0131lan i\u015flemin ki\u015fisel verilerin aktar\u0131ld\u0131\u011f\u0131 \u00fc\u00e7\u00fcnc\u00fc ki\u015filere bildirilmesini isteme,<br \/>\u2022 \u0130\u015flenen verilerin m\u00fcnhas\u0131ran otomatik sistemler vas\u0131tas\u0131yla analiz edilmesi suretiyle ki\u015finin kendisi aleyhine bir sonucun ortaya \u00e7\u0131kmas\u0131na itiraz etme,<br \/>\u2022 Ki\u015fisel verilerin kanuna ayk\u0131r\u0131 olarak i\u015flenmesi sebebiyle zarara u\u011framas\u0131 h\u00e2linde zarar\u0131n giderilmesini talep etme haklar\u0131na sahipsiniz.<br \/>Ki\u015fisel veri sahibi olarak, haklar\u0131n\u0131za ili\u015fkin taleplerinizi elektronik ortamda iletisim@dokunulmaz.com.tr mail adresi \u00fczerinden, \u015firketimizin a\u00e7\u0131k adresine yaz\u0131l\u0131 olarak ya da Ki\u015fisel Verilerin Korunmas\u0131 Kurulu taraf\u0131ndan belirtilen di\u011fer y\u00f6ntemlerle iletebilirsiniz.<\/p><p><strong>VER\u0130 SORUMLUSU \u015e\u0130RKET\u0130M\u0130Z\u0130N B\u0130LG\u0130LER\u0130:<\/strong><br \/>Bili\u015fim Hizmet Sa\u011flay\u0131c\u0131s\u0131: CST Bilgisayar San. ve Tic. Ltd. \u015eti.<br \/>\u0130nternet Hizmet Sa\u011flay\u0131c\u0131s\u0131: T\u00fcrk Telekom\u00fcnikasyon A.\u015e.<\/p><p>L\u00fctfen, veri sorumlusu \u015firketimize yukar\u0131da belirtilen ileti\u015fim bilgilerinden ula\u015farak ki\u015fisel verilerinizle ilgili taleplerinizi iletebilirsiniz.<\/p>\t\t\t\t\t\t\t\t<\/div>\n\t\t\t\t<\/div>\n\t\t\t\t<\/div>\n\t\t\t\t<\/div>\n\t\t","protected":false},"excerpt":{"rendered":"<p>K\u0130\u015e\u0130SEL VER\u0130LER\u0130N KORUNMASI HAKKINDA AYDINLATMA VE RIZA METN\u0130 K\u0130\u015e\u0130SEL VER\u0130LER\u0130N\u0130Z\u0130N \u0130\u015eLENME AMA\u00c7LARI:www.dokunulmaz.com.tr m\u00fc\u015fterisi veya m\u00fc\u015fterimiz ad\u0131na internet sitesinde gerekli i\u015flemleri ger\u00e7ekle\u015ftiren ki\u015fi olarak \u015firketimiz sizden ad, soyad, telefon numaras\u0131, e \u2013 posta adresi, adres bilgileri, telefon ID numaras\u0131, gezinti tan\u0131mlama bilgileri (\u00e7erez, web taray\u0131c\u0131 i\u015faret\u00e7ileri bilgileri, \u0130P no-adresi, konum, i\u015fletim sistemi), ilgi alanlar\u0131n\u0131za ili\u015fkin bilgileri, [&hellip;]<\/p>\n","protected":false},"author":1,"featured_media":0,"parent":0,"menu_order":0,"comment_status":"closed","ping_status":"closed","template":"","meta":{"_acf_changed":false,"footnotes":""},"class_list":["post-51","page","type-page","status-publish","hentry"],"acf":[],"yoast_head":"<!-- This site is optimized with the Yoast SEO plugin v27.4 - https:\/\/yoast.com\/product\/yoast-seo-wordpress\/ -->\n<title>Gizlilik ve Ki\u015fisel Verilerin Korunmas\u0131 Politikas\u0131 - Dokunulmaz<\/title>\n<meta name=\"robots\" content=\"noindex, follow, max-snippet:-1, max-image-preview:large, max-video-preview:-1\" \/>\n<meta property=\"og:locale\" content=\"tr_TR\" \/>\n<meta property=\"og:type\" content=\"article\" \/>\n<meta property=\"og:title\" content=\"Gizlilik ve Ki\u015fisel Verilerin Korunmas\u0131 Politikas\u0131 - Dokunulmaz\" \/>\n<meta property=\"og:description\" content=\"K\u0130\u015e\u0130SEL VER\u0130LER\u0130N KORUNMASI HAKKINDA AYDINLATMA VE RIZA METN\u0130 K\u0130\u015e\u0130SEL VER\u0130LER\u0130N\u0130Z\u0130N \u0130\u015eLENME AMA\u00c7LARI:www.dokunulmaz.com.tr m\u00fc\u015fterisi veya m\u00fc\u015fterimiz ad\u0131na internet sitesinde gerekli i\u015flemleri ger\u00e7ekle\u015ftiren ki\u015fi olarak \u015firketimiz sizden ad, soyad, telefon numaras\u0131, e \u2013 posta adresi, adres bilgileri, telefon ID numaras\u0131, gezinti tan\u0131mlama bilgileri (\u00e7erez, web taray\u0131c\u0131 i\u015faret\u00e7ileri bilgileri, \u0130P no-adresi, konum, i\u015fletim sistemi), ilgi alanlar\u0131n\u0131za ili\u015fkin bilgileri, [&hellip;]\" \/>\n<meta property=\"og:url\" content=\"https:\/\/dokunulmaz.com.tr\/?page_id=51\" \/>\n<meta property=\"og:site_name\" content=\"Dokunulmaz\" \/>\n<meta property=\"article:modified_time\" content=\"2024-03-27T13:35:16+00:00\" \/>\n<meta name=\"twitter:card\" content=\"summary_large_image\" \/>\n<meta name=\"twitter:label1\" content=\"Tahmini okuma s\u00fcresi\" \/>\n\t<meta name=\"twitter:data1\" content=\"5 dakika\" \/>\n<script type=\"application\/ld+json\" class=\"yoast-schema-graph\">{\"@context\":\"https:\\\/\\\/schema.org\",\"@graph\":[{\"@type\":\"WebPage\",\"@id\":\"https:\\\/\\\/dokunulmaz.com.tr\\\/?page_id=51\",\"url\":\"https:\\\/\\\/dokunulmaz.com.tr\\\/?page_id=51\",\"name\":\"Gizlilik ve Ki\u015fisel Verilerin Korunmas\u0131 Politikas\u0131 - Dokunulmaz\",\"isPartOf\":{\"@id\":\"https:\\\/\\\/dokunulmaz.com.tr\\\/#website\"},\"datePublished\":\"2024-03-10T20:53:38+00:00\",\"dateModified\":\"2024-03-27T13:35:16+00:00\",\"breadcrumb\":{\"@id\":\"https:\\\/\\\/dokunulmaz.com.tr\\\/?page_id=51#breadcrumb\"},\"inLanguage\":\"tr\",\"potentialAction\":[{\"@type\":\"ReadAction\",\"target\":[\"https:\\\/\\\/dokunulmaz.com.tr\\\/?page_id=51\"]}]},{\"@type\":\"BreadcrumbList\",\"@id\":\"https:\\\/\\\/dokunulmaz.com.tr\\\/?page_id=51#breadcrumb\",\"itemListElement\":[{\"@type\":\"ListItem\",\"position\":1,\"name\":\"Home\",\"item\":\"https:\\\/\\\/dokunulmaz.com.tr\\\/\"},{\"@type\":\"ListItem\",\"position\":2,\"name\":\"Gizlilik ve Ki\u015fisel Verilerin Korunmas\u0131 Politikas\u0131\"}]},{\"@type\":\"WebSite\",\"@id\":\"https:\\\/\\\/dokunulmaz.com.tr\\\/#website\",\"url\":\"https:\\\/\\\/dokunulmaz.com.tr\\\/\",\"name\":\"Dokunulmaz\",\"description\":\"dokunulmaz.com.tr\",\"potentialAction\":[{\"@type\":\"SearchAction\",\"target\":{\"@type\":\"EntryPoint\",\"urlTemplate\":\"https:\\\/\\\/dokunulmaz.com.tr\\\/?s={search_term_string}\"},\"query-input\":{\"@type\":\"PropertyValueSpecification\",\"valueRequired\":true,\"valueName\":\"search_term_string\"}}],\"inLanguage\":\"tr\"}]}<\/script>\n<!-- \/ Yoast SEO plugin. -->","yoast_head_json":{"title":"Gizlilik ve Ki\u015fisel Verilerin Korunmas\u0131 Politikas\u0131 - Dokunulmaz","robots":{"index":"noindex","follow":"follow","max-snippet":"max-snippet:-1","max-image-preview":"max-image-preview:large","max-video-preview":"max-video-preview:-1"},"og_locale":"tr_TR","og_type":"article","og_title":"Gizlilik ve Ki\u015fisel Verilerin Korunmas\u0131 Politikas\u0131 - Dokunulmaz","og_description":"K\u0130\u015e\u0130SEL VER\u0130LER\u0130N KORUNMASI HAKKINDA AYDINLATMA VE RIZA METN\u0130 K\u0130\u015e\u0130SEL VER\u0130LER\u0130N\u0130Z\u0130N \u0130\u015eLENME AMA\u00c7LARI:www.dokunulmaz.com.tr m\u00fc\u015fterisi veya m\u00fc\u015fterimiz ad\u0131na internet sitesinde gerekli i\u015flemleri ger\u00e7ekle\u015ftiren ki\u015fi olarak \u015firketimiz sizden ad, soyad, telefon numaras\u0131, e \u2013 posta adresi, adres bilgileri, telefon ID numaras\u0131, gezinti tan\u0131mlama bilgileri (\u00e7erez, web taray\u0131c\u0131 i\u015faret\u00e7ileri bilgileri, \u0130P no-adresi, konum, i\u015fletim sistemi), ilgi alanlar\u0131n\u0131za ili\u015fkin bilgileri, [&hellip;]","og_url":"https:\/\/dokunulmaz.com.tr\/?page_id=51","og_site_name":"Dokunulmaz","article_modified_time":"2024-03-27T13:35:16+00:00","twitter_card":"summary_large_image","twitter_misc":{"Tahmini okuma s\u00fcresi":"5 dakika"},"schema":{"@context":"https:\/\/schema.org","@graph":[{"@type":"WebPage","@id":"https:\/\/dokunulmaz.com.tr\/?page_id=51","url":"https:\/\/dokunulmaz.com.tr\/?page_id=51","name":"Gizlilik ve Ki\u015fisel Verilerin Korunmas\u0131 Politikas\u0131 - Dokunulmaz","isPartOf":{"@id":"https:\/\/dokunulmaz.com.tr\/#website"},"datePublished":"2024-03-10T20:53:38+00:00","dateModified":"2024-03-27T13:35:16+00:00","breadcrumb":{"@id":"https:\/\/dokunulmaz.com.tr\/?page_id=51#breadcrumb"},"inLanguage":"tr","potentialAction":[{"@type":"ReadAction","target":["https:\/\/dokunulmaz.com.tr\/?page_id=51"]}]},{"@type":"BreadcrumbList","@id":"https:\/\/dokunulmaz.com.tr\/?page_id=51#breadcrumb","itemListElement":[{"@type":"ListItem","position":1,"name":"Home","item":"https:\/\/dokunulmaz.com.tr\/"},{"@type":"ListItem","position":2,"name":"Gizlilik ve Ki\u015fisel Verilerin Korunmas\u0131 Politikas\u0131"}]},{"@type":"WebSite","@id":"https:\/\/dokunulmaz.com.tr\/#website","url":"https:\/\/dokunulmaz.com.tr\/","name":"Dokunulmaz","description":"dokunulmaz.com.tr","potentialAction":[{"@type":"SearchAction","target":{"@type":"EntryPoint","urlTemplate":"https:\/\/dokunulmaz.com.tr\/?s={search_term_string}"},"query-input":{"@type":"PropertyValueSpecification","valueRequired":true,"valueName":"search_term_string"}}],"inLanguage":"tr"}]}},"_links":{"self":[{"href":"https:\/\/dokunulmaz.com.tr\/index.php?rest_route=\/wp\/v2\/pages\/51","targetHints":{"allow":["GET"]}}],"collection":[{"href":"https:\/\/dokunulmaz.com.tr\/index.php?rest_route=\/wp\/v2\/pages"}],"about":[{"href":"https:\/\/dokunulmaz.com.tr\/index.php?rest_route=\/wp\/v2\/types\/page"}],"author":[{"embeddable":true,"href":"https:\/\/dokunulmaz.com.tr\/index.php?rest_route=\/wp\/v2\/users\/1"}],"replies":[{"embeddable":true,"href":"https:\/\/dokunulmaz.com.tr\/index.php?rest_route=%2Fwp%2Fv2%2Fcomments&post=51"}],"version-history":[{"count":8,"href":"https:\/\/dokunulmaz.com.tr\/index.php?rest_route=\/wp\/v2\/pages\/51\/revisions"}],"predecessor-version":[{"id":836,"href":"https:\/\/dokunulmaz.com.tr\/index.php?rest_route=\/wp\/v2\/pages\/51\/revisions\/836"}],"wp:attachment":[{"href":"https:\/\/dokunulmaz.com.tr\/index.php?rest_route=%2Fwp%2Fv2%2Fmedia&parent=51"}],"curies":[{"name":"wp","href":"https:\/\/api.w.org\/{rel}","templated":true}]}}